{"id":497,"date":"2025-01-24T06:52:17","date_gmt":"2025-01-24T05:52:17","guid":{"rendered":"https:\/\/epitou.fr\/?page_id=497"},"modified":"2026-02-06T10:56:52","modified_gmt":"2026-02-06T09:56:52","slug":"c6-le-passe-compose","status":"publish","type":"page","link":"https:\/\/epitou.fr\/index.php\/francais\/conjugaison\/c6-le-passe-compose\/","title":{"rendered":"C6 &#8211; Le pass\u00e9 compos\u00e9"},"content":{"rendered":"<table style=\"border-collapse: collapse; width: 100%;\">\n<tbody>\n<tr>\n<td style=\"width: 33.3333%; text-align: center;\"><span style=\"font-size: 16px; font-family: arial, helvetica, sans-serif;\"><strong><span style=\"color: #008080;\">Raksa<\/span><\/strong><\/span><\/p>\n<p><span style=\"color: #3366ff; font-family: arial, helvetica, sans-serif; font-size: 12px;\">Le\u00e7on<\/span><br \/>\n<audio src=\"http:\/\/epitou.fr\/wp-content\/uploads\/2025\/01\/C6-passe-compose-lecon-Raksa.mp3\" controls=\"controls\"><\/audio><\/p>\n<p><span style=\"color: #3366ff; font-family: arial, helvetica, sans-serif; font-size: 12px;\">Verbes<\/span><br \/>\n<audio src=\"http:\/\/epitou.fr\/wp-content\/uploads\/2025\/01\/C6-passe-compose-verbes-Raksa.mp3\" controls=\"controls\"><\/audio><\/td>\n<td style=\"width: 33.3333%; text-align: center;\"><span style=\"font-size: 16px; font-family: arial, helvetica, sans-serif;\"><strong><span style=\"color: #008080;\">Vyrakyuth<\/span><\/strong><\/span><\/p>\n<p><span style=\"color: #3366ff; font-family: arial, helvetica, sans-serif; font-size: 12px;\">Le\u00e7on<\/span><br \/>\n<audio src=\"http:\/\/epitou.fr\/wp-content\/uploads\/2025\/01\/C6-passe-compose-lecon-Vyrakyuth.mp3\" controls=\"controls\"><\/audio><\/p>\n<p><span style=\"color: #3366ff; font-family: arial, helvetica, sans-serif; font-size: 12px;\">Verbes<\/span><br \/>\n<audio src=\"http:\/\/epitou.fr\/wp-content\/uploads\/2025\/01\/C6-passe-compose-verbe-Vyrakyuth.mp3\" controls=\"controls\"><\/audio><\/td>\n<td style=\"width: 33.3333%;\"><\/td>\n<\/tr>\n<tr>\n<td style=\"width: 33.3333%;\"><\/td>\n<td style=\"width: 33.3333%;\"><\/td>\n<td style=\"width: 33.3333%;\"><\/td>\n<\/tr>\n<\/tbody>\n<\/table>\n<p><center><br \/>\n<a href=\"https:\/\/www.ortholud.com\/passe-compose-phrases-s1-1.html\" target=\"_blank\" rel=\"noopener noreferrer\"><button class=\"button coin\">S&rsquo;entrainer \u00e0 conjuguer<br \/>\nau pass\u00e9 compos\u00e9<\/button><\/a>\u00a0 <a href=\"https:\/\/www.ortholud.com\/passe-compose-feminin-pluriel-1.html\" target=\"_blank\" rel=\"noopener noreferrer\"><button class=\"button coin\">S&rsquo;entrainer \u00e0 conjuguer<br \/>\nau pass\u00e9 compos\u00e9 &#8211; f\u00e9minin &#8211; pluriel<\/button><\/a>\u00a0 <a href=\"https:\/\/www.ortholud.com\/napoleon-et-le-passe-compose-1.html\" target=\"_blank\" rel=\"noopener noreferrer\"><button class=\"button coin\">S&rsquo;entrainer \u00e0 conjuguer<br \/>\nau pass\u00e9 compos\u00e9 avec Napol\u00e9on !<\/button><\/a>\u00a0 <a href=\"https:\/\/www.ortholud.com\/exercices_au_passe_compose_1.html\" target=\"_blank\" rel=\"noopener noreferrer\"><button class=\"button coin\">S&rsquo;entrainer \u00e0 conjuguer<br \/>\nau pass\u00e9 compos\u00e9- tous les exercices<\/button><\/a><\/center><\/p>\n<p style=\"text-align: center;\"><img decoding=\"async\" class=\"aligncenter size-medium wp-image-502\" src=\"http:\/\/epitou.fr\/wp-content\/uploads\/2025\/01\/C6-le-passe-compose.png\" alt=\"\" width=\"80%\" height=\"auto\" srcset=\"https:\/\/epitou.fr\/wp-content\/uploads\/2025\/01\/C6-le-passe-compose.png 1690w, https:\/\/epitou.fr\/wp-content\/uploads\/2025\/01\/C6-le-passe-compose-300x210.png 300w, https:\/\/epitou.fr\/wp-content\/uploads\/2025\/01\/C6-le-passe-compose-1024x717.png 1024w, https:\/\/epitou.fr\/wp-content\/uploads\/2025\/01\/C6-le-passe-compose-768x538.png 768w, https:\/\/epitou.fr\/wp-content\/uploads\/2025\/01\/C6-le-passe-compose-1536x1076.png 1536w\" sizes=\"(max-width: 1690px) 100vw, 1690px\" \/><img decoding=\"async\" class=\"aligncenter size-medium wp-image-501\" src=\"http:\/\/epitou.fr\/wp-content\/uploads\/2025\/01\/C6-le-passe-compose-verbes.png\" alt=\"\" width=\"80%\" height=\"auto\" srcset=\"https:\/\/epitou.fr\/wp-content\/uploads\/2025\/01\/C6-le-passe-compose-verbes.png 1690w, https:\/\/epitou.fr\/wp-content\/uploads\/2025\/01\/C6-le-passe-compose-verbes-300x210.png 300w, https:\/\/epitou.fr\/wp-content\/uploads\/2025\/01\/C6-le-passe-compose-verbes-1024x717.png 1024w, https:\/\/epitou.fr\/wp-content\/uploads\/2025\/01\/C6-le-passe-compose-verbes-768x538.png 768w, https:\/\/epitou.fr\/wp-content\/uploads\/2025\/01\/C6-le-passe-compose-verbes-1536x1076.png 1536w\" sizes=\"(max-width: 1690px) 100vw, 1690px\" \/><\/p>\n","protected":false},"excerpt":{"rendered":"<p>Raksa Le\u00e7on Verbes Vyrakyuth Le\u00e7on Verbes S&rsquo;entrainer \u00e0 conjuguer au pass\u00e9 compos\u00e9\u00a0 S&rsquo;entrainer \u00e0 conjuguer au pass\u00e9 compos\u00e9 &#8211; f\u00e9minin &#8211; pluriel\u00a0 S&rsquo;entrainer \u00e0 conjuguer au pass\u00e9 compos\u00e9 avec Napol\u00e9on !\u00a0 S&rsquo;entrainer \u00e0 conjuguer au pass\u00e9 compos\u00e9- tous les exercices<\/p>\n","protected":false},"author":1,"featured_media":0,"parent":18,"menu_order":0,"comment_status":"closed","ping_status":"closed","template":"","meta":{"footnotes":""},"class_list":["post-497","page","type-page","status-publish","hentry"],"_links":{"self":[{"href":"https:\/\/epitou.fr\/index.php\/wp-json\/wp\/v2\/pages\/497","targetHints":{"allow":["GET"]}}],"collection":[{"href":"https:\/\/epitou.fr\/index.php\/wp-json\/wp\/v2\/pages"}],"about":[{"href":"https:\/\/epitou.fr\/index.php\/wp-json\/wp\/v2\/types\/page"}],"author":[{"embeddable":true,"href":"https:\/\/epitou.fr\/index.php\/wp-json\/wp\/v2\/users\/1"}],"replies":[{"embeddable":true,"href":"https:\/\/epitou.fr\/index.php\/wp-json\/wp\/v2\/comments?post=497"}],"version-history":[{"count":10,"href":"https:\/\/epitou.fr\/index.php\/wp-json\/wp\/v2\/pages\/497\/revisions"}],"predecessor-version":[{"id":1660,"href":"https:\/\/epitou.fr\/index.php\/wp-json\/wp\/v2\/pages\/497\/revisions\/1660"}],"up":[{"embeddable":true,"href":"https:\/\/epitou.fr\/index.php\/wp-json\/wp\/v2\/pages\/18"}],"wp:attachment":[{"href":"https:\/\/epitou.fr\/index.php\/wp-json\/wp\/v2\/media?parent=497"}],"curies":[{"name":"wp","href":"https:\/\/api.w.org\/{rel}","templated":true}]}}