{"id":344,"date":"2025-01-14T12:09:33","date_gmt":"2025-01-14T11:09:33","guid":{"rendered":"https:\/\/epitou.fr\/?page_id=344"},"modified":"2025-05-06T09:12:36","modified_gmt":"2025-05-06T07:12:36","slug":"5-lecole","status":"publish","type":"page","link":"https:\/\/epitou.fr\/index.php\/histoire\/le-19eme-siecle-la-revolution-industrielle-une-societe-transformee\/5-lecole\/","title":{"rendered":"5-L\u2019\u00e9cole"},"content":{"rendered":"<p><strong><u>L\u2019\u00e9cole de la R\u00e9publique<\/u><\/strong><\/p>\n<p><strong><u>La naissance de l&rsquo;\u00e9cole publique<\/p>\n<p><\/u><\/strong><\/p>\n<p>Tout au long du XVIIIe (18 \u00e8me) si\u00e8cle, de plus en plus d&rsquo;enfants vont \u00e0 l&rsquo;\u00e9cole, alors que celle-ci n&rsquo;est pas encore obligatoire. Entre <u>1881 et 1882<\/u>, sous la direction de <u>Jules Ferry<\/u>, ministre de l&rsquo;Instruction publique, d&rsquo;importantes lois sur l&rsquo;\u00e9cole sont vot\u00e9es. Ces lois sont toujours la base du syst\u00e8me scolaire actuel.<\/p>\n<p>&#8211;&gt; <u>L&rsquo;\u00e9cole est publique :<\/u> les instituteurs sont recrut\u00e9s par l&rsquo;\u00c9tat ; ce sont des la\u00efcs. Ils n&rsquo;appartiennent pas au clerg\u00e9.<\/p>\n<p>&gt; <u>L&rsquo;\u00e9cole est gratuite :<\/u> tout \u00e9colier de 6 \u00e0 13 ans peut aller \u00e0 l&rsquo;\u00e9cole sans que les parents aient \u00e0 payer pour sa scolarit\u00e9.<\/p>\n<p>&gt; <u>L&rsquo;\u00e9cole devient la\u00efque :<\/u> l&rsquo;enseignement religieux ne peut plus \u00eatre enseign\u00e9 \u00e0 l&rsquo;\u00e9cole.<\/p>\n<p>&gt; <u>L&rsquo;\u00e9cole est obligatoire :<\/u> tous les enfants de 6 \u00e0 13 ans doivent aller \u00e0 l&rsquo;\u00e9cole.<\/p>\n","protected":false},"excerpt":{"rendered":"<p>L\u2019\u00e9cole de la R\u00e9publique La naissance de l&rsquo;\u00e9cole publique Tout au long du XVIIIe (18 \u00e8me) si\u00e8cle, de plus en plus d&rsquo;enfants vont \u00e0 l&rsquo;\u00e9cole, alors que celle-ci n&rsquo;est pas encore obligatoire. Entre 1881 et 1882, sous la direction de Jules Ferry, ministre de l&rsquo;Instruction publique, d&rsquo;importantes lois sur l&rsquo;\u00e9cole sont vot\u00e9es. Ces lois sont [&hellip;]<\/p>\n","protected":false},"author":1,"featured_media":0,"parent":329,"menu_order":0,"comment_status":"closed","ping_status":"closed","template":"","meta":{"footnotes":""},"class_list":["post-344","page","type-page","status-publish","hentry"],"_links":{"self":[{"href":"https:\/\/epitou.fr\/index.php\/wp-json\/wp\/v2\/pages\/344","targetHints":{"allow":["GET"]}}],"collection":[{"href":"https:\/\/epitou.fr\/index.php\/wp-json\/wp\/v2\/pages"}],"about":[{"href":"https:\/\/epitou.fr\/index.php\/wp-json\/wp\/v2\/types\/page"}],"author":[{"embeddable":true,"href":"https:\/\/epitou.fr\/index.php\/wp-json\/wp\/v2\/users\/1"}],"replies":[{"embeddable":true,"href":"https:\/\/epitou.fr\/index.php\/wp-json\/wp\/v2\/comments?post=344"}],"version-history":[{"count":2,"href":"https:\/\/epitou.fr\/index.php\/wp-json\/wp\/v2\/pages\/344\/revisions"}],"predecessor-version":[{"id":783,"href":"https:\/\/epitou.fr\/index.php\/wp-json\/wp\/v2\/pages\/344\/revisions\/783"}],"up":[{"embeddable":true,"href":"https:\/\/epitou.fr\/index.php\/wp-json\/wp\/v2\/pages\/329"}],"wp:attachment":[{"href":"https:\/\/epitou.fr\/index.php\/wp-json\/wp\/v2\/media?parent=344"}],"curies":[{"name":"wp","href":"https:\/\/api.w.org\/{rel}","templated":true}]}}