{"id":338,"date":"2025-01-14T12:08:49","date_gmt":"2025-01-14T11:08:49","guid":{"rendered":"https:\/\/epitou.fr\/?page_id=338"},"modified":"2025-05-21T09:58:42","modified_gmt":"2025-05-21T07:58:42","slug":"2-les-usines-les-mines","status":"publish","type":"page","link":"https:\/\/epitou.fr\/index.php\/histoire\/le-19eme-siecle-la-revolution-industrielle-une-societe-transformee\/2-les-usines-les-mines\/","title":{"rendered":"2-Les usines \u2013 les mines"},"content":{"rendered":"<p><span style=\"font-size: 21px; color: #ff6600;\"><strong><u>La vie dans les mines et les usines<\/u><\/strong><\/span><\/p>\n<p>Avec les nombreuses usines qui sont construites, on a besoin de beaucoup de charbon et les mines se multiplient. La vie quotidienne des mineurs est tr\u00e8s dure. Les familles peinent \u00e0 survivre et doivent faire travailler les femmes et les enfants parfois tr\u00e8s jeunes. Les journ\u00e9es de travail sous terre sont longues, dangereuses et fatigantes.<\/p>\n<p>Les usines et les ateliers se d\u00e9veloppent \u00e9galement au 19\u00e8me si\u00e8cle. Les conditions de vie des ouvriers sont difficiles. Les journ\u00e9es sont longues et le travail est dangereux et p\u00e9nible. Les ouvriers sont peu pay\u00e9s, notamment les enfants. De l\u2019autre c\u00f4t\u00e9, les dirigeants des compagnies mini\u00e8res et des usines amassent de grandes fortunes.<\/p>\n<p>Devant ces in\u00e9galit\u00e9s, peu \u00e0 peu, les ouvriers s\u2019organisent pour d\u00e9fendre leurs int\u00e9r\u00eats. A force de gr\u00e8ve, ils parviennent \u00e0 obtenir des journ\u00e9es plus courtes, des jours de cong\u00e9s, de meilleurs salaires, un syst\u00e8me de retraite.<\/p>\n<p>&nbsp;<\/p>\n<p><span style=\"font-size: 24px;\"><strong><span style=\"color: #ff6600;\">L&rsquo;interview de Rose-Marie qui est venue nous parler de la mine.<\/span><\/strong><\/span><\/p>\n<p><audio src=\"http:\/\/epitou.fr\/wp-content\/uploads\/2025\/04\/rose-marie1.mp3\" controls=\"controls\"><\/audio><\/p>\n<p>&nbsp;<\/p>\n<p>&nbsp;<\/p>\n<table style=\"border-collapse: collapse; width: 100%;\">\n<tbody>\n<tr>\n<td style=\"width: 50%;\"><iframe loading=\"lazy\" title=\"YouTube video player\" src=\"https:\/\/www.youtube-nocookie.com\/embed\/JlP1xhcp5uM?si=sJaHZzpsOhrXPo2Y\" width=\"560\" height=\"315\" frameborder=\"0\" allowfullscreen=\"allowfullscreen\"><\/iframe><\/td>\n<td style=\"width: 50%;\"><iframe loading=\"lazy\" title=\"YouTube video player\" src=\"https:\/\/www.youtube-nocookie.com\/embed\/5OPLDC1N42E?si=ne5GkymQBlpq1xXc\" width=\"560\" height=\"315\" frameborder=\"0\" allowfullscreen=\"allowfullscreen\"><\/iframe><\/td>\n<\/tr>\n<tr>\n<td style=\"width: 50%;\"><iframe loading=\"lazy\" title=\"YouTube video player\" src=\"https:\/\/www.youtube-nocookie.com\/embed\/XeS6IelzwFA?si=-HztBg14GQ-PtUr8\" width=\"560\" height=\"315\" frameborder=\"0\" allowfullscreen=\"allowfullscreen\"><\/iframe><\/td>\n<td style=\"width: 50%;\"><iframe loading=\"lazy\" title=\"YouTube video player\" src=\"https:\/\/www.youtube-nocookie.com\/embed\/bVcxOlhO31Q?si=Nh2l2NNogM8j7zTq\" width=\"560\" height=\"315\" frameborder=\"0\" allowfullscreen=\"allowfullscreen\"><\/iframe><\/td>\n<\/tr>\n<tr>\n<td style=\"width: 50%;\"><iframe loading=\"lazy\" title=\"YouTube video player\" src=\"https:\/\/www.youtube-nocookie.com\/embed\/suPzUK5qlak?si=72q98pAJwP89R647\" width=\"560\" height=\"315\" frameborder=\"0\" allowfullscreen=\"allowfullscreen\"><\/iframe><\/td>\n<td style=\"width: 50%;\"><iframe loading=\"lazy\" title=\"YouTube video player\" src=\"https:\/\/www.youtube-nocookie.com\/embed\/LJ6ycSarzv4?si=7J04TWz9-ddZ6wVE\" width=\"560\" height=\"315\" frameborder=\"0\" allowfullscreen=\"allowfullscreen\"><\/iframe><\/td>\n<\/tr>\n<tr>\n<td style=\"width: 50%;\"><center><iframe loading=\"lazy\" width=\"560\" height=\"315\" src=\"https:\/\/www.youtube-nocookie.com\/embed\/PVEdqoX4JnA?si=3-Wu7PBfq1jocfZJ\" title=\"YouTube video player\" frameborder=\"0\" allow=\"accelerometer; autoplay; clipboard-write; encrypted-media; gyroscope; picture-in-picture; web-share\" referrerpolicy=\"strict-origin-when-cross-origin\" allowfullscreen><\/iframe><\/center><\/td>\n<td style=\"width: 50%;\"><\/td>\n<\/tr>\n<\/tbody>\n<\/table>\n","protected":false},"excerpt":{"rendered":"<p>La vie dans les mines et les usines Avec les nombreuses usines qui sont construites, on a besoin de beaucoup de charbon et les mines se multiplient. La vie quotidienne des mineurs est tr\u00e8s dure. Les familles peinent \u00e0 survivre et doivent faire travailler les femmes et les enfants parfois tr\u00e8s jeunes. Les journ\u00e9es de [&hellip;]<\/p>\n","protected":false},"author":1,"featured_media":0,"parent":329,"menu_order":0,"comment_status":"closed","ping_status":"closed","template":"","meta":{"footnotes":""},"class_list":["post-338","page","type-page","status-publish","hentry"],"_links":{"self":[{"href":"https:\/\/epitou.fr\/index.php\/wp-json\/wp\/v2\/pages\/338","targetHints":{"allow":["GET"]}}],"collection":[{"href":"https:\/\/epitou.fr\/index.php\/wp-json\/wp\/v2\/pages"}],"about":[{"href":"https:\/\/epitou.fr\/index.php\/wp-json\/wp\/v2\/types\/page"}],"author":[{"embeddable":true,"href":"https:\/\/epitou.fr\/index.php\/wp-json\/wp\/v2\/users\/1"}],"replies":[{"embeddable":true,"href":"https:\/\/epitou.fr\/index.php\/wp-json\/wp\/v2\/comments?post=338"}],"version-history":[{"count":9,"href":"https:\/\/epitou.fr\/index.php\/wp-json\/wp\/v2\/pages\/338\/revisions"}],"predecessor-version":[{"id":949,"href":"https:\/\/epitou.fr\/index.php\/wp-json\/wp\/v2\/pages\/338\/revisions\/949"}],"up":[{"embeddable":true,"href":"https:\/\/epitou.fr\/index.php\/wp-json\/wp\/v2\/pages\/329"}],"wp:attachment":[{"href":"https:\/\/epitou.fr\/index.php\/wp-json\/wp\/v2\/media?parent=338"}],"curies":[{"name":"wp","href":"https:\/\/api.w.org\/{rel}","templated":true}]}}