{"id":332,"date":"2025-01-14T12:05:16","date_gmt":"2025-01-14T11:05:16","guid":{"rendered":"https:\/\/epitou.fr\/?page_id=332"},"modified":"2025-05-02T12:49:07","modified_gmt":"2025-05-02T10:49:07","slug":"1-lage-industriel-la-machine-a-vapeur","status":"publish","type":"page","link":"https:\/\/epitou.fr\/index.php\/histoire\/le-19eme-siecle-la-revolution-industrielle-une-societe-transformee\/1-lage-industriel-la-machine-a-vapeur\/","title":{"rendered":"1-L&rsquo;\u00e2ge industriel : La machine \u00e0 vapeur"},"content":{"rendered":"<p>&nbsp;<\/p>\n<table style=\"border-collapse: collapse; width: 100%;\">\n<tbody>\n<tr>\n<td style=\"width: 33.3333%;\"><center><span style=\"font-size: 21px; color: #00ccff;\"><strong>Ecouter la le\u00e7on<\/strong><\/span><\/center><center><audio src=\"http:\/\/epitou.fr\/wp-content\/uploads\/2025\/05\/le-19-eme-siecle.mp3\" controls=\"controls\"><\/audio><\/center><\/td>\n<td style=\"width: 33.3333%;\">\n<p style=\"text-align: center;\"><span style=\"font-size: 21px; color: #00ccff;\"><strong>Vibol &#8211; Hugo<\/strong><\/span><\/p>\n<p><center><audio src=\"http:\/\/epitou.fr\/wp-content\/uploads\/2025\/05\/Hugo-Vibol-La-France-au-18eme-siecle-exode-rural.mp3\" controls=\"controls\"><\/audio><\/center><\/td>\n<td style=\"width: 33.3333%;\"><\/td>\n<\/tr>\n<\/tbody>\n<\/table>\n<h1><span style=\"color: #993300;\"><u>La France au XIX \u00e8me si\u00e8cle.<\/u><\/span><\/h1>\n<h2><span style=\"color: #3366ff;\"><u>La machine \u00e0 vapeur<\/u><\/span><\/h2>\n<p>James Watt invente la machine \u00e0 vapeur en 1863.<\/p>\n<p>Gr\u00e2ce \u00e0 cette invention, le travail va progressivement passer d\u2019activit\u00e9s utilisant l\u2019\u00e9nergie humaine ou animale \u00e0 une utilisation de l\u2019\u00e9nergie du charbon (et du p\u00e9trole un peu plus tard). Les machines sont \u00e9videmment bien plus rapides et puissantes que les humains ou les animaux. Ceci va permettre de d\u00e9velopper la production dans tous les secteurs\u00a0: plus de productions agricoles, plus de tissus, de marchandises, etc\u2026et de faire baisser leurs co\u00fbts de production.<\/p>\n<p>&nbsp;<\/p>\n<h2><span style=\"color: #3366ff;\"><u>La vie dans les campagnes.<\/u><\/span><\/h2>\n<p>Au 19\u00e8me si\u00e8cle, la vie dans les campagnes est difficile. Le travail de la terre se fait essentiellement \u00e0 la main et beaucoup de paysans vivent dans la pauvret\u00e9.<\/p>\n<p>Dans le m\u00eame temps, les premi\u00e8res machines agricoles vont petit \u00e0 petit remplacer les travailleurs. Les jeunes g\u00e9n\u00e9rations quittent donc les campagnes pour trouver des emplois en ville dans les administrations, les usines, les mines\u2026<u>On parle <strong>d\u2019exode rural<\/strong>.<\/u><\/p>\n<p>&nbsp;<\/p>\n<h2><span style=\"color: #3366ff;\"><u>La vie dans les villes.<\/u><\/span><\/h2>\n<p>Avec l\u2019invention des machines, les ateliers vont s\u2019agrandir et devenir d\u2019immenses usines. <u>C\u2019est l\u2019industrialisation.<\/u><\/p>\n<p>Ces usines ont besoins de nombreux travailleurs qui arrivent des campagnes. Elles ont aussi besoin d\u2019\u00e9nergie pour fonctionner. Le charbon apportera cette \u00e9nergie. Il faut beaucoup de travailleurs pour aller chercher ce charbon dans les mines\u00a0: <strong>les mineurs<\/strong>.<\/p>\n<p>&nbsp;<\/p>\n<h2><span style=\"color: #3366ff;\"><u>La vie dans les mines et les usines.<\/u><\/span><\/h2>\n<p>Avec les nombreuses usines qui sont construites, on a besoin de beaucoup de charbon et les mines se multiplient. La vie quotidienne des mineurs est tr\u00e8s dure. Les familles peinent \u00e0 survivre et doivent faire travailler les femmes et les enfants parfois tr\u00e8s jeunes. Les journ\u00e9es de travail sous terre sont longues, dangereuses et fatigantes.<\/p>\n<p>Les usines et les ateliers se d\u00e9veloppent \u00e9galement au 19\u00e8me si\u00e8cle. Les conditions de vie des ouvriers sont difficiles. Les journ\u00e9es sont longues et le travail est dangereux et p\u00e9nible. Les ouvriers sont peu pay\u00e9s, notamment les enfants. De l\u2019autre c\u00f4t\u00e9, les dirigeants des compagnies mini\u00e8res et des usines amassent de grandes fortunes.<\/p>\n<p>Devant ces in\u00e9galit\u00e9s, peu \u00e0 peu, les ouvriers s\u2019organisent pour d\u00e9fendre leurs int\u00e9r\u00eats. A force de gr\u00e8ve, ils parviennent \u00e0 obtenir des journ\u00e9es plus courtes, des jours de cong\u00e9s, de meilleurs salaires, un syst\u00e8me de retraite.<\/p>\n<p>&nbsp;<\/p>\n<h2><span style=\"color: #3366ff;\"><u>La transformation des villes.<\/u><\/span><\/h2>\n<p>L\u2019exode rural et l\u2019industrialisation entrainent le d\u00e9veloppement des villes. Des quartiers anciens sont d\u00e9truits et remplac\u00e9s par des immeubles plus modernes. Les ru es sont \u00e9largies et les transports collectifs se d\u00e9veloppent. A Paris, la r\u00e9novation de la capitale est confi\u00e9e au baron Hausmann. Les habitations des ouvriers sont repouss\u00e9es en p\u00e9riph\u00e9rie des villes : la banlieue. Les grands magasins apparaitront bient\u00f4t.<\/p>\n","protected":false},"excerpt":{"rendered":"<p>&nbsp; Ecouter la le\u00e7on Vibol &#8211; Hugo La France au XIX \u00e8me si\u00e8cle. La machine \u00e0 vapeur James Watt invente la machine \u00e0 vapeur en 1863. Gr\u00e2ce \u00e0 cette invention, le travail va progressivement passer d\u2019activit\u00e9s utilisant l\u2019\u00e9nergie humaine ou animale \u00e0 une utilisation de l\u2019\u00e9nergie du charbon (et du p\u00e9trole un peu plus tard). [&hellip;]<\/p>\n","protected":false},"author":1,"featured_media":0,"parent":329,"menu_order":0,"comment_status":"closed","ping_status":"closed","template":"","meta":{"footnotes":""},"class_list":["post-332","page","type-page","status-publish","hentry"],"_links":{"self":[{"href":"https:\/\/epitou.fr\/index.php\/wp-json\/wp\/v2\/pages\/332","targetHints":{"allow":["GET"]}}],"collection":[{"href":"https:\/\/epitou.fr\/index.php\/wp-json\/wp\/v2\/pages"}],"about":[{"href":"https:\/\/epitou.fr\/index.php\/wp-json\/wp\/v2\/types\/page"}],"author":[{"embeddable":true,"href":"https:\/\/epitou.fr\/index.php\/wp-json\/wp\/v2\/users\/1"}],"replies":[{"embeddable":true,"href":"https:\/\/epitou.fr\/index.php\/wp-json\/wp\/v2\/comments?post=332"}],"version-history":[{"count":9,"href":"https:\/\/epitou.fr\/index.php\/wp-json\/wp\/v2\/pages\/332\/revisions"}],"predecessor-version":[{"id":782,"href":"https:\/\/epitou.fr\/index.php\/wp-json\/wp\/v2\/pages\/332\/revisions\/782"}],"up":[{"embeddable":true,"href":"https:\/\/epitou.fr\/index.php\/wp-json\/wp\/v2\/pages\/329"}],"wp:attachment":[{"href":"https:\/\/epitou.fr\/index.php\/wp-json\/wp\/v2\/media?parent=332"}],"curies":[{"name":"wp","href":"https:\/\/api.w.org\/{rel}","templated":true}]}}