{"id":329,"date":"2025-01-14T12:04:46","date_gmt":"2025-01-14T11:04:46","guid":{"rendered":"https:\/\/epitou.fr\/?page_id=329"},"modified":"2025-01-14T12:05:56","modified_gmt":"2025-01-14T11:05:56","slug":"le-19eme-siecle-la-revolution-industrielle-une-societe-transformee","status":"publish","type":"page","link":"https:\/\/epitou.fr\/index.php\/histoire\/le-19eme-siecle-la-revolution-industrielle-une-societe-transformee\/","title":{"rendered":"Le 19\u00e8me si\u00e8cle : la r\u00e9volution industrielle : une soci\u00e9t\u00e9 transform\u00e9e"},"content":{"rendered":"<p>1-L&rsquo;\u00e2ge industriel : La machine \u00e0 vapeur<\/p>\n<p>2-Les usines &#8211; les mines<\/p>\n<p>3-L&rsquo;exode rural -la transformation es villes &#8211; Les grands magasins<\/p>\n<p>4-Le travail des enfants<\/p>\n<p>5-L&rsquo;\u00e9cole<\/p>\n<p>6-Les colonies<\/p>\n","protected":false},"excerpt":{"rendered":"<p>1-L&rsquo;\u00e2ge industriel : La machine \u00e0 vapeur 2-Les usines &#8211; les mines 3-L&rsquo;exode rural -la transformation es villes &#8211; Les grands magasins 4-Le travail des enfants 5-L&rsquo;\u00e9cole 6-Les colonies<\/p>\n","protected":false},"author":1,"featured_media":0,"parent":316,"menu_order":0,"comment_status":"closed","ping_status":"closed","template":"","meta":{"footnotes":""},"class_list":["post-329","page","type-page","status-publish","hentry"],"_links":{"self":[{"href":"https:\/\/epitou.fr\/index.php\/wp-json\/wp\/v2\/pages\/329","targetHints":{"allow":["GET"]}}],"collection":[{"href":"https:\/\/epitou.fr\/index.php\/wp-json\/wp\/v2\/pages"}],"about":[{"href":"https:\/\/epitou.fr\/index.php\/wp-json\/wp\/v2\/types\/page"}],"author":[{"embeddable":true,"href":"https:\/\/epitou.fr\/index.php\/wp-json\/wp\/v2\/users\/1"}],"replies":[{"embeddable":true,"href":"https:\/\/epitou.fr\/index.php\/wp-json\/wp\/v2\/comments?post=329"}],"version-history":[{"count":1,"href":"https:\/\/epitou.fr\/index.php\/wp-json\/wp\/v2\/pages\/329\/revisions"}],"predecessor-version":[{"id":331,"href":"https:\/\/epitou.fr\/index.php\/wp-json\/wp\/v2\/pages\/329\/revisions\/331"}],"up":[{"embeddable":true,"href":"https:\/\/epitou.fr\/index.php\/wp-json\/wp\/v2\/pages\/316"}],"wp:attachment":[{"href":"https:\/\/epitou.fr\/index.php\/wp-json\/wp\/v2\/media?parent=329"}],"curies":[{"name":"wp","href":"https:\/\/api.w.org\/{rel}","templated":true}]}}