{"id":325,"date":"2025-01-14T11:58:25","date_gmt":"2025-01-14T10:58:25","guid":{"rendered":"https:\/\/epitou.fr\/?page_id=325"},"modified":"2026-03-26T17:32:04","modified_gmt":"2026-03-26T16:32:04","slug":"le-19-eme-siecle","status":"publish","type":"page","link":"https:\/\/epitou.fr\/index.php\/histoire\/le-19-eme-siecle\/","title":{"rendered":"Le 19 \u00e8me si\u00e8cle  : vers la R\u00e9publique"},"content":{"rendered":"<table style=\"border-collapse: collapse; width: 100%;\">\n<tbody>\n<tr>\n<td style=\"width: 33%;\">\n<p style=\"text-align: center;\"><span style=\"font-size: 21px; color: #ff9900;\">Mei Ing<\/span><\/p>\n<p><center><audio src=\"http:\/\/epitou.fr\/wp-content\/uploads\/2026\/03\/Histoire-3-regime-politique-mei-Ing-ok.mp3\" controls=\"controls\"><\/audio><\/center><\/td>\n<td style=\"width: 33%;\">\n<p style=\"text-align: center;\"><span style=\"color: #008080; font-size: 21px;\">Panhaboth<\/span><\/p>\n<p><center><audio src=\"http:\/\/epitou.fr\/wp-content\/uploads\/2026\/03\/Histoire-3-regime-politique-panhaboth.mp3\" controls=\"controls\"><\/audio><\/center><\/td>\n<td style=\"width: 33%;\">\n<p style=\"text-align: center;\"><span style=\"color: #0000ff; font-size: 21px;\">Rithysen<\/span><\/p>\n<p><center><audio src=\"http:\/\/epitou.fr\/wp-content\/uploads\/2026\/03\/Histoire-3-regime-politique-ritysen-ok.mp3\" controls=\"controls\"><\/audio><\/center><\/td>\n<\/tr>\n<\/tbody>\n<\/table>\n<table style=\"border-collapse: collapse; width: 100%;\">\n<tbody>\n<tr>\n<td style=\"width: 50%;\">\n<p style=\"text-align: center;\"><span style=\"color: #993300; font-size: 21px;\">Ang\u00e8le<\/span><\/p>\n<p><center><audio src=\"http:\/\/epitou.fr\/wp-content\/uploads\/2026\/03\/histoire-angele-ok.mp3\" controls=\"controls\"><\/audio><\/center><\/td>\n<td style=\"width: 50%; text-align: center;\"><span style=\"color: #ff9900; font-size: 21px;\">Reaksa<\/span><\/p>\n<p><center><audio src=\"http:\/\/epitou.fr\/wp-content\/uploads\/2026\/03\/histoire-reaksa.mp3\" controls=\"controls\"><\/audio><c\/enter><\/td>\n<\/tr>\n<\/tbody>\n<\/table>\n<h1><b>Les r\u00e9gimes politiques au XIX\u00e8me si\u00e8cle<\/b><\/h1>\n<p>Un r\u00e9gime politique, c\u2019est la mani\u00e8re de gouverner un pays.<\/p>\n<p>Un pays gouvern\u00e9 par : <strong>&#8211; un roi :<\/strong> une monarchie.<\/p>\n<p><strong>&#8211;\u00a0 un empereur :<\/strong> un empire.<\/p>\n<p><strong>&#8211; un pr\u00e9sident :<\/strong> une r\u00e9publique.<\/p>\n<p>1) Au XIX \u00e8me si\u00e8cle, les r\u00e9gimes politiques se succ\u00e8dent.<\/p>\n<p>Premier Empire\u00a0: 1804-1815 \u00e0 Napol\u00e9on 1<sup>er<\/sup><\/p>\n<p>Monarchie\u00a0constitutionnelle: 1815-1824\u00e0 Louis XVIII<\/p>\n<p>1824-1830\u00e0 Charles X<\/p>\n<p>1830-1848\u00e0 Louis Philippe<\/p>\n<p>2<sup>\u00e8me<\/sup> R\u00e9publique\u00a0: 1848-1852\u00a0\u00e0 Pr\u00e9sident\u00a0: Louis Napol\u00e9on Bonaparte<\/p>\n<p>2<sup>\u00e8me<\/sup> Empire\u00a0: 1852-1870\u00e0 Napol\u00e9on III<\/p>\n<p><img loading=\"lazy\" decoding=\"async\" class=\"wp-image-649 aligncenter\" src=\"http:\/\/epitou.fr\/wp-content\/uploads\/2025\/03\/frise-19eme-1024x317.png\" alt=\"\" width=\"944\" height=\"292\" srcset=\"https:\/\/epitou.fr\/wp-content\/uploads\/2025\/03\/frise-19eme-1024x317.png 1024w, https:\/\/epitou.fr\/wp-content\/uploads\/2025\/03\/frise-19eme-300x93.png 300w, https:\/\/epitou.fr\/wp-content\/uploads\/2025\/03\/frise-19eme-768x238.png 768w, https:\/\/epitou.fr\/wp-content\/uploads\/2025\/03\/frise-19eme.png 1175w\" sizes=\"auto, (max-width: 944px) 100vw, 944px\" \/><\/p>\n<table style=\"border-collapse: collapse; width: 100%;\">\n<tbody>\n<tr>\n<td style=\"width: 50%;\"><center><iframe loading=\"lazy\" title=\"YouTube video player\" src=\"https:\/\/www.youtube-nocookie.com\/embed\/uU9EFAD6yfk?si=QwyeXjv4YJRO5q90\" width=\"560\" height=\"315\" frameborder=\"0\" allowfullscreen=\"allowfullscreen\"><\/iframe><\/center><\/td>\n<td style=\"width: 50%;\"><center><iframe loading=\"lazy\" title=\"YouTube video player\" src=\"https:\/\/www.youtube-nocookie.com\/embed\/_S1iWRWhcvc?si=Pw95DoTMvj_oMV9z\" width=\"560\" height=\"315\" frameborder=\"0\" allowfullscreen=\"allowfullscreen\"><\/iframe><\/center><\/td>\n<\/tr>\n<\/tbody>\n<\/table>\n","protected":false},"excerpt":{"rendered":"<p>Mei Ing Panhaboth Rithysen Ang\u00e8le Reaksa Les r\u00e9gimes politiques au XIX\u00e8me si\u00e8cle Un r\u00e9gime politique, c\u2019est la mani\u00e8re de gouverner un pays. Un pays gouvern\u00e9 par : &#8211; un roi : une monarchie. &#8211;\u00a0 un empereur : un empire. &#8211; un pr\u00e9sident : une r\u00e9publique. 1) Au XIX \u00e8me si\u00e8cle, les r\u00e9gimes politiques se succ\u00e8dent. [&hellip;]<\/p>\n","protected":false},"author":1,"featured_media":0,"parent":316,"menu_order":0,"comment_status":"closed","ping_status":"closed","template":"","meta":{"footnotes":""},"class_list":["post-325","page","type-page","status-publish","hentry"],"_links":{"self":[{"href":"https:\/\/epitou.fr\/index.php\/wp-json\/wp\/v2\/pages\/325","targetHints":{"allow":["GET"]}}],"collection":[{"href":"https:\/\/epitou.fr\/index.php\/wp-json\/wp\/v2\/pages"}],"about":[{"href":"https:\/\/epitou.fr\/index.php\/wp-json\/wp\/v2\/types\/page"}],"author":[{"embeddable":true,"href":"https:\/\/epitou.fr\/index.php\/wp-json\/wp\/v2\/users\/1"}],"replies":[{"embeddable":true,"href":"https:\/\/epitou.fr\/index.php\/wp-json\/wp\/v2\/comments?post=325"}],"version-history":[{"count":20,"href":"https:\/\/epitou.fr\/index.php\/wp-json\/wp\/v2\/pages\/325\/revisions"}],"predecessor-version":[{"id":1834,"href":"https:\/\/epitou.fr\/index.php\/wp-json\/wp\/v2\/pages\/325\/revisions\/1834"}],"up":[{"embeddable":true,"href":"https:\/\/epitou.fr\/index.php\/wp-json\/wp\/v2\/pages\/316"}],"wp:attachment":[{"href":"https:\/\/epitou.fr\/index.php\/wp-json\/wp\/v2\/media?parent=325"}],"curies":[{"name":"wp","href":"https:\/\/api.w.org\/{rel}","templated":true}]}}