{"id":323,"date":"2025-01-14T11:55:16","date_gmt":"2025-01-14T10:55:16","guid":{"rendered":"https:\/\/epitou.fr\/?page_id=323"},"modified":"2025-01-24T05:20:22","modified_gmt":"2025-01-24T04:20:22","slug":"napoleon-bonaparte-napoleon-1er","status":"publish","type":"page","link":"https:\/\/epitou.fr\/index.php\/histoire\/napoleon-bonaparte-napoleon-1er\/","title":{"rendered":"Napol\u00e9on Bonaparte &#8211; Napol\u00e9on 1er"},"content":{"rendered":"<h2><span style=\"font-family: arial, helvetica, sans-serif;\">Napol\u00e9on Bonaparte<\/span><\/h2>\n<p><span style=\"font-family: arial, helvetica, sans-serif;\">1. Le g\u00e9n\u00e9ral Bonaparte<\/span><br \/>\n<span style=\"font-family: arial, helvetica, sans-serif;\">Depuis 1795, la France est dirig\u00e9e par le Directoire. Le pays est toujours en guerre. De nombreux g\u00e9n\u00e9raux s\u2019illustrent sur les champs de bataille. L\u2019un d\u2019eux s\u2019appelle Bonaparte, il est tr\u00e8s populaire aupr\u00e8s de ses soldats.<\/span><\/p>\n<p><span style=\"font-family: arial, helvetica, sans-serif;\">2. Un nouveau gouvernement<\/span><br \/>\n<span style=\"font-family: arial, helvetica, sans-serif;\">Le 18 Brumaire de l\u2019An VIII (9 novembre 1799), il renverse le Directoire par un coup d\u2019\u00e9tat, et le remplace par le Consulat. A 30 ans, Bonaparte est ainsi nomm\u00e9 \u00ab Premier Consul \u00bb. Il sera plus tard nomm\u00e9 consul \u00e0 vie. Cela commence \u00e0 le faire ressembler aux anciens rois.<\/span><\/p>\n<p><span style=\"font-family: arial, helvetica, sans-serif;\">3. Napol\u00e9on 1er<\/span><br \/>\n<span style=\"font-family: arial, helvetica, sans-serif;\">Le dimanche 2 d\u00e9cembre 1804, \u00e0 Notre-Dame de Paris , Napol\u00e9on est proclam\u00e9 Empereur sous le nom de Napol\u00e9on 1er. C\u2019est un empereur autoritaire qui n\u2019accepte pas qu\u2019on lui r\u00e9siste. Il devient comme les rois absolus de l\u2019ancien r\u00e9gime.<\/span><\/p>\n<p><span style=\"font-family: arial, helvetica, sans-serif;\">4. La grande arm\u00e9e et la longue suite de guerres<\/span><br \/>\n<span style=\"font-family: arial, helvetica, sans-serif;\">Napol\u00e9on 1Er est \u00e0 la t\u00eate de la plus grande arm\u00e9e d\u2019Europe : la Grande Arm\u00e9e. La plupart des guerres de l\u2019Empire napol\u00e9onien se font contre l\u2019Angleterre, qui s\u2019associe \u00e0 l\u2019Autriche, la Prusse ou encore la Russie dans des coalitions.<\/span><\/p>\n<p><span style=\"font-family: arial, helvetica, sans-serif;\">5. Les ann\u00e9es victorieuses : 1804 \u2013 1807<\/span><br \/>\n<span style=\"font-family: arial, helvetica, sans-serif;\">Les Autrichiens et les Russes sont \u00e9cras\u00e9s \u00e0 Austerlitz le 2 d\u00e9cembre 1805. S\u2019ensuivent de nombreuses autres victoires (I\u00e9na : 1806, Friedland : 1807, Eylau : 1807) qui font de Napol\u00e9on le ma\u00eetre de l\u2019Europe en 1807. La France s\u2019est agrandie et compte 134 d\u00e9partements.<\/span><\/p>\n<p><span style=\"font-family: arial, helvetica, sans-serif;\">6. La chute de l\u2019empereur<\/span><br \/>\n<span style=\"font-family: arial, helvetica, sans-serif;\">C\u2019est en 1812, lorsqu\u2019il d\u00e9cide d\u2019attaquer la Russie que Napol\u00e9on subit sa plus grosse d\u00e9faite. Il arrive \u00e0 Moscou, mais il ne peut pas se ravitailler car la ville a br\u00fbl\u00e9. La Grande Arm\u00e9e bat alors en retraite, en plein hiver. Des centaines de milliers de soldats fran\u00e7ais perdent alors la vie pendant le retour en France. La travers\u00e9e du fleuve Berezina reste un symbole de cette retraite de Russie.<\/span><\/p>\n<p><span style=\"font-family: arial, helvetica, sans-serif;\">7. L\u2019exil de l\u2019empereur<\/span><br \/>\n<span style=\"font-family: arial, helvetica, sans-serif;\">Apr\u00e8s cela, l\u2019arm\u00e9e fran\u00e7aise est tr\u00e8s affaiblie. La France est envahie. Napol\u00e9on abdique le 6 avril 1814. Il est exil\u00e9 sur l\u2019\u00eele d\u2019Elbe.<\/span><br \/>\n<span style=\"font-family: arial, helvetica, sans-serif;\">Louis XVIII, fr\u00e8re de Louis XVI, revient alors en France et est proclam\u00e9 roi. C\u2019est le retour de la monarchie.<\/span><br \/>\n<span style=\"font-family: arial, helvetica, sans-serif;\">Napol\u00e9on s\u2019enfuit de l\u2019\u00eele d\u2019Elbe et reprend \u00e0 son tour le pouvoir le 20 mars 1815 pendant 100 jours.<\/span><br \/>\n<span style=\"font-family: arial, helvetica, sans-serif;\">Oblig\u00e9 d\u2019affronter toute l\u2019Europe qui s\u2019est alli\u00e9e contre lui, il est battu une derni\u00e8re fois \u00e0 la bataille de Waterloo ; il est finalement exil\u00e9 dans une \u00eele lointaine, l\u2019\u00eele de Sainte H\u00e9l\u00e8ne.<\/span><\/p>\n<p><span style=\"font-family: arial, helvetica, sans-serif;\">8. La mort de l\u2019empereur<\/span><br \/>\n<span style=\"font-family: arial, helvetica, sans-serif;\">Napol\u00e9on meurt \u00e0 Sainte-H\u00e9l\u00e8ne 5 mai 1821. Ses cendres seront rapatri\u00e9es en France en 1840. Son tombeau se trouve aux Invalides, \u00e0 Paris.<\/span><\/p>\n<p><span style=\"font-family: arial, helvetica, sans-serif;\">9. L\u2019h\u00e9ritage de Napol\u00e9on<\/span><br \/>\n<span style=\"font-family: arial, helvetica, sans-serif;\">Malgr\u00e9 toutes les guerres qu\u2019il a men\u00e9es, Napol\u00e9on a aussi laiss\u00e9 de nombreuses choses dont certaines perdurent de nos jours : les lyc\u00e9es, le baccalaur\u00e9at, les pr\u00e9fets, le code civil, le franc germinal, l\u2019Arc de Triomphe, le mariage civil, la l\u00e9gion d&rsquo;honneur, le d\u00e9coupage territorial de la France, l&rsquo;organisation des villes&#8230;<\/span><\/p>\n","protected":false},"excerpt":{"rendered":"<p>Napol\u00e9on Bonaparte 1. Le g\u00e9n\u00e9ral Bonaparte Depuis 1795, la France est dirig\u00e9e par le Directoire. Le pays est toujours en guerre. De nombreux g\u00e9n\u00e9raux s\u2019illustrent sur les champs de bataille. L\u2019un d\u2019eux s\u2019appelle Bonaparte, il est tr\u00e8s populaire aupr\u00e8s de ses soldats. 2. Un nouveau gouvernement Le 18 Brumaire de l\u2019An VIII (9 novembre 1799), [&hellip;]<\/p>\n","protected":false},"author":1,"featured_media":0,"parent":316,"menu_order":0,"comment_status":"closed","ping_status":"closed","template":"","meta":{"footnotes":""},"class_list":["post-323","page","type-page","status-publish","hentry"],"_links":{"self":[{"href":"https:\/\/epitou.fr\/index.php\/wp-json\/wp\/v2\/pages\/323","targetHints":{"allow":["GET"]}}],"collection":[{"href":"https:\/\/epitou.fr\/index.php\/wp-json\/wp\/v2\/pages"}],"about":[{"href":"https:\/\/epitou.fr\/index.php\/wp-json\/wp\/v2\/types\/page"}],"author":[{"embeddable":true,"href":"https:\/\/epitou.fr\/index.php\/wp-json\/wp\/v2\/users\/1"}],"replies":[{"embeddable":true,"href":"https:\/\/epitou.fr\/index.php\/wp-json\/wp\/v2\/comments?post=323"}],"version-history":[{"count":2,"href":"https:\/\/epitou.fr\/index.php\/wp-json\/wp\/v2\/pages\/323\/revisions"}],"predecessor-version":[{"id":496,"href":"https:\/\/epitou.fr\/index.php\/wp-json\/wp\/v2\/pages\/323\/revisions\/496"}],"up":[{"embeddable":true,"href":"https:\/\/epitou.fr\/index.php\/wp-json\/wp\/v2\/pages\/316"}],"wp:attachment":[{"href":"https:\/\/epitou.fr\/index.php\/wp-json\/wp\/v2\/media?parent=323"}],"curies":[{"name":"wp","href":"https:\/\/api.w.org\/{rel}","templated":true}]}}