{"id":250,"date":"2024-10-30T13:57:11","date_gmt":"2024-10-30T12:57:11","guid":{"rendered":"https:\/\/epitou.fr\/?page_id=250"},"modified":"2026-02-12T16:42:41","modified_gmt":"2026-02-12T15:42:41","slug":"ecouter-la-radio","status":"publish","type":"page","link":"https:\/\/epitou.fr\/index.php\/audio\/ecouter-la-radio\/","title":{"rendered":"Ecouter la radio"},"content":{"rendered":"<p>&nbsp;<\/p>\n<table style=\"border-collapse: collapse; width: 100%;\">\n<tbody>\n<tr>\n<td style=\"width: 25%; text-align: center; background-color: #ffde4a;\"><span style=\"font-family: verdana, geneva, sans-serif; font-size: 13px; color: #3366ff;\"><strong>Tina<\/strong> a 1O ans, elle retrouve son p\u00e8re en \u00c9gypte pour les vacances. Ce dernier est un arch\u00e9ologue&#8230;<\/span><\/td>\n<td style=\"width: 25%; background-color: #5fe3d8; text-align: center;\"><span style=\"color: #3366ff; font-family: verdana, geneva, sans-serif; font-size: 13px;\"><strong>Les<\/strong> <strong>Odyss\u00e9es<\/strong> se d\u00e9roulant durant la 2nd Guerre mondiale.<\/span><\/td>\n<td style=\"width: 25%; text-align: center; background-color: #b0fc6d;\"><span style=\"font-family: verdana, geneva, sans-serif; color: #3366ff; font-size: 13px;\"><strong>Les<\/strong> <strong>Odyss\u00e9es<\/strong> des grandes figures de l&rsquo;histoire.<\/span><\/td>\n<td style=\"width: 25%; background-color: #ff9494; text-align: center;\"><strong><span style=\"font-family: verdana, geneva, sans-serif; color: #3366ff; font-size: 13px;\">Les p&rsquo;tits bateaux :<\/span><\/strong><br \/>\n<span style=\"font-family: verdana, geneva, sans-serif; color: #3366ff; font-size: 13px;\">des enfants posent leurs questions, des sp\u00e9cialistes leur r\u00e9pondent.<\/span><\/td>\n<\/tr>\n<tr>\n<td style=\"width: 20%; background-color: #ffde4a;\"><a href=\"https:\/\/www.radiofrance.fr\/franceinter\/podcasts\/tina-et-le-tresor-de-nefertiti\" target=\"_blank\" rel=\"noopener\"><img loading=\"lazy\" decoding=\"async\" class=\"zoom aligncenter\" src=\"http:\/\/epitou.fr\/wp-content\/uploads\/2024\/10\/Tina-france-inter-300x300.png\" alt=\"\" width=\"159\" height=\"159\" \/><\/a><\/td>\n<td style=\"width: 20%; background-color: #5fe3d8;\"><a href=\"https:\/\/www.radiofrance.fr\/franceinter\/podcasts\/serie-les-odyssees-au-coeur-de-la-seconde-guerre-mondiale\" target=\"_blank\" rel=\"noopener\"><img loading=\"lazy\" decoding=\"async\" class=\"zoom aligncenter\" src=\"http:\/\/epitou.fr\/wp-content\/uploads\/2024\/10\/odissey-300x300.png\" alt=\"\" width=\"159\" height=\"159\" \/><\/a><\/td>\n<td style=\"width: 20%; background-color: #b0fc6d;\"><a href=\"https:\/\/www.radiofrance.fr\/franceinter\/podcasts\/les-odyssees\" target=\"_blank\" rel=\"noopener\"><img loading=\"lazy\" decoding=\"async\" class=\"zoom aligncenter\" src=\"http:\/\/epitou.fr\/wp-content\/uploads\/2024\/10\/odissey1-300x300.png\" alt=\"\" width=\"159\" height=\"159\" \/><\/a><\/td>\n<td style=\"width: 20%; background-color: #ff9494;\"><a href=\"https:\/\/www.radiofrance.fr\/franceinter\/podcasts\/les-p-tits-bateaux\" target=\"_blank\" rel=\"noopener\"><img loading=\"lazy\" decoding=\"async\" class=\"zoom aligncenter\" src=\"http:\/\/epitou.fr\/wp-content\/uploads\/2024\/10\/ptits-bateaux-300x300.png\" alt=\"\" width=\"159\" height=\"159\" \/><\/a><\/td>\n<\/tr>\n<tr>\n<td style=\"width: 20%; background-color: #ff9494; text-align: center;\"><span style=\"color: #3366ff; font-size: 13px; font-family: verdana, geneva, sans-serif;\"><strong>Olma<\/strong><\/span><br \/>\n<span style=\"color: #3366ff; font-size: 13px; font-family: verdana, geneva, sans-serif;\">A la d\u00e9couverte des sciences.<\/span><br \/>\n<span style=\"font-size: 9px; color: #800000;\">A<span style=\"font-size: 10px;\">vec \u00ab\u00a0<a style=\"color: #800000;\" href=\"https:\/\/www.cite-sciences.fr\/fr\/accueil\">la cit\u00e9 des sciences<\/a>\u00ab\u00a0<\/span><\/span><\/td>\n<td style=\"width: 20%; text-align: center; background-color: #ffde4a;\"><strong><span style=\"font-family: verdana, geneva, sans-serif; color: #3366ff; font-size: 13px;\">Bestioles<\/span><\/strong><br \/>\n<span style=\"font-family: verdana, geneva, sans-serif; color: #3366ff; font-size: 13px;\">Les aventures du monde animal !<\/span><\/td>\n<td style=\"width: 20%; background-color: #5fe3d8; text-align: center;\"><strong><span style=\"font-family: verdana, geneva, sans-serif; color: #3366ff; font-size: 13px;\">Les p&rsquo;tits bateaux :<\/span><\/strong><br \/>\n<span style=\"font-family: verdana, geneva, sans-serif; color: #3366ff; font-size: 13px;\">sp\u00e9cial \u00ab\u00a0contes et l\u00e9gendes\u00a0\u00bb<\/span><\/td>\n<td style=\"width: 20%; text-align: center; background-color: #b0fc6d;\"><span style=\"font-family: verdana, geneva, sans-serif; font-size: 12px; color: #3366ff;\">Coll\u00e9giens et lyc\u00e9ens deviennent des reporters avec des journalistes de France Inter<\/span><\/td>\n<\/tr>\n<tr>\n<td style=\"width: 20%; background-color: #ff9494;\"><a href=\"https:\/\/www.radiofrance.fr\/franceinter\/podcasts\/olma\"><img loading=\"lazy\" decoding=\"async\" class=\"zoom aligncenter\" src=\"http:\/\/epitou.fr\/wp-content\/uploads\/2024\/10\/olma-sciences-300x300.png\" alt=\"\" width=\"159\" height=\"159\" \/><\/a><\/td>\n<td style=\"width: 20%; background-color: #ffde4a;\"><a href=\"https:\/\/www.radiofrance.fr\/franceinter\/podcasts\/bestioles\" target=\"_blank\" rel=\"noopener\"><img loading=\"lazy\" decoding=\"async\" class=\"zoom aligncenter\" src=\"http:\/\/epitou.fr\/wp-content\/uploads\/2024\/10\/bestioles-300x300.png\" alt=\"\" width=\"159\" height=\"159\" \/><\/a><\/td>\n<td style=\"width: 20%; background-color: #5fe3d8;\"><a href=\"https:\/\/www.radiofrance.fr\/franceinter\/podcasts\/serie-contes-et-legendes\" target=\"_blank\" rel=\"noopener\"><img loading=\"lazy\" decoding=\"async\" class=\"zoom aligncenter\" src=\"http:\/\/epitou.fr\/wp-content\/uploads\/2024\/10\/conte-et-legendes-petits-bateaux-300x300.png\" alt=\"\" width=\"159\" height=\"159\" \/><\/a><\/td>\n<td style=\"width: 20%; background-color: #b0fc6d;\"><a href=\"https:\/\/www.radiofrance.fr\/franceinter\/podcasts\/interclass\" target=\"_blank\" rel=\"noopener\"><img loading=\"lazy\" decoding=\"async\" class=\"zoom aligncenter\" src=\"http:\/\/epitou.fr\/wp-content\/uploads\/2024\/10\/interclasse-300x300.png\" alt=\"\" width=\"159\" height=\"159\" \/><\/a><\/td>\n<\/tr>\n<tr>\n<td style=\"width: 20%; text-align: center; background-color: #b0fc6d;\"><span style=\"font-family: verdana, geneva, sans-serif; color: #3366ff; font-size: 14px;\">L&rsquo;\u00e9pop\u00e9e fragile de Windy<\/span><\/td>\n<td style=\"width: 20%; background-color: #ff9494; text-align: center;\"><strong><span style=\"font-family: verdana, geneva, sans-serif; color: #3366ff; font-size: 13px;\">Toudou<\/span><\/strong><br \/>\n<span style=\"font-family: verdana, geneva, sans-serif; color: #3366ff; font-size: 13px;\">Des histoires pour les petits \u00e0 \u00e9couter avec fr\u00e8res et soeurs<\/span><\/td>\n<td style=\"width: 20%; background-color: #ffde4a; text-align: center;\"><span style=\"font-family: verdana, geneva, sans-serif; color: #3366ff; font-size: 13px;\">Salut l&rsquo;info !<\/span><br \/>\n<span style=\"font-family: verdana, geneva, sans-serif; color: #3366ff; font-size: 13px;\">France Info et Astrapi<\/span><\/td>\n<td style=\"width: 20%; background-color: #5fe3d8; text-align: center;\"><span style=\"font-family: verdana, geneva, sans-serif; color: #3366ff; font-size: 13px;\">Qui a invent\u00e9 ?<\/span><\/td>\n<\/tr>\n<tr>\n<td style=\"width: 20%; background-color: #b0fc6d;\"><a href=\"https:\/\/www.cite-sciences.fr\/fr\/ressources\/expositions-passees\/fragile\/lepopee-fragile-de-windy\"><img loading=\"lazy\" decoding=\"async\" class=\"zoom aligncenter\" src=\"http:\/\/epitou.fr\/wp-content\/uploads\/2024\/10\/zendy-cite-science-300x270.png\" alt=\"\" width=\"159\" height=\"143\" \/><\/a><\/td>\n<td style=\"width: 20%; background-color: #ff9494;\"><a href=\"https:\/\/www.radiofrance.fr\/franceinter\/podcasts\/toudou\" target=\"_blank\" rel=\"noopener\"><img loading=\"lazy\" decoding=\"async\" class=\"zoom aligncenter\" src=\"http:\/\/epitou.fr\/wp-content\/uploads\/2024\/10\/toudou-300x300.png\" alt=\"\" width=\"159\" height=\"159\" \/><\/a><\/td>\n<td style=\"width: 20%; background-color: #ffde4a;\"><img loading=\"lazy\" decoding=\"async\" class=\"zoom aligncenter\" src=\"http:\/\/epitou.fr\/wp-content\/uploads\/2024\/10\/1400x1400_rf_omm_0000023282_ite-300x300.jpg\" alt=\"\" width=\"159\" height=\"159\" \/><\/td>\n<td style=\"width: 20%; background-color: #5fe3d8;\"><a href=\"https:\/\/www.bayard-jeunesse.com\/infos\/podcasts\/qui-a-invente\/\"><img loading=\"lazy\" decoding=\"async\" class=\"zoom aligncenter\" src=\"http:\/\/epitou.fr\/wp-content\/uploads\/2024\/10\/Podcast_QuiAInvente_400x400-260x260-1.jpg\" alt=\"\" width=\"159\" height=\"159\" \/><\/a><\/td>\n<\/tr>\n<tr>\n<td style=\"width: 20%; background-color: #5fe3d8; text-align: center;\"><span style=\"font-family: verdana, geneva, sans-serif; color: #3366ff; font-size: 14px;\">Curieux de sciences<\/span><\/td>\n<td style=\"width: 20%; background-color: #b0fc6d; text-align: center;\"><span style=\"font-family: verdana, geneva, sans-serif; color: #3366ff; font-size: 14px;\">Lis-moi une histoire<\/span><\/td>\n<td style=\"width: 20%; background-color: #ff9494; text-align: center;\"><span style=\"font-family: verdana, geneva, sans-serif; color: #3366ff; font-size: 14px;\">Tina et la ceinture d&rsquo;Alexandre le Grand<\/span><\/td>\n<td style=\"width: 20%; background-color: #ffde4a; text-align: center;\"><span style=\"font-family: verdana, geneva, sans-serif; color: #3366ff; font-size: 14px;\">Des histoires merveilleuses<\/span><\/td>\n<\/tr>\n<tr>\n<td style=\"width: 20%; background-color: #5fe3d8;\"><a href=\"https:\/\/www.bayard-jeunesse.com\/infos\/podcasts\/curieux-de-science\/\"><img loading=\"lazy\" decoding=\"async\" class=\"zoom aligncenter\" src=\"http:\/\/epitou.fr\/wp-content\/uploads\/2024\/10\/Podcast_CurieuxDeSciences_400x400jpg-260x260-1.jpg\" alt=\"\" width=\"159\" height=\"159\" \/><\/a><\/td>\n<td style=\"width: 20%; background-color: #b0fc6d;\"><a href=\"https:\/\/www.rtl.fr\/programmes\/lis-moi-une-histoire\"><img loading=\"lazy\" decoding=\"async\" class=\"zoom aligncenter\" src=\"http:\/\/epitou.fr\/wp-content\/uploads\/2024\/10\/293631-lis-moi-une-histoire-1.jpg\" alt=\"\" width=\"159\" height=\"159\" \/><\/a><\/td>\n<td style=\"width: 20%; background-color: #ff9494;\"><a href=\"https:\/\/www.radiofrance.fr\/franceinter\/podcasts\/serie-tina-et-la-ceinture-d-alexandre-le-grand\"><img loading=\"lazy\" decoding=\"async\" class=\"zoom aligncenter wp-image-1526 size-full\" src=\"http:\/\/epitou.fr\/wp-content\/uploads\/2025\/10\/400x400_sc_carre-tinaetlaceinturedalexandrelegrand.jpg\" alt=\"\" width=\"159\" height=\"159\" srcset=\"https:\/\/epitou.fr\/wp-content\/uploads\/2025\/10\/400x400_sc_carre-tinaetlaceinturedalexandrelegrand.jpg 400w, https:\/\/epitou.fr\/wp-content\/uploads\/2025\/10\/400x400_sc_carre-tinaetlaceinturedalexandrelegrand-300x300.jpg 300w, https:\/\/epitou.fr\/wp-content\/uploads\/2025\/10\/400x400_sc_carre-tinaetlaceinturedalexandrelegrand-150x150.jpg 150w\" sizes=\"auto, (max-width: 159px) 100vw, 159px\" \/><\/a><\/td>\n<td style=\"width: 20%; background-color: #ffde4a;\"><a href=\"https:\/\/www.radiofrance.fr\/franceculture\/podcasts\/selection-des-histoires-merveilleuses\"><img loading=\"lazy\" decoding=\"async\" class=\"zoom aligncenter wp-image-1528 size-full\" src=\"http:\/\/epitou.fr\/wp-content\/uploads\/2025\/10\/400x400_sc_sc_carre-new.jpg\" alt=\"\" width=\"159\" height=\"159\" srcset=\"https:\/\/epitou.fr\/wp-content\/uploads\/2025\/10\/400x400_sc_sc_carre-new.jpg 400w, https:\/\/epitou.fr\/wp-content\/uploads\/2025\/10\/400x400_sc_sc_carre-new-300x300.jpg 300w, https:\/\/epitou.fr\/wp-content\/uploads\/2025\/10\/400x400_sc_sc_carre-new-150x150.jpg 150w\" sizes=\"auto, (max-width: 159px) 100vw, 159px\" \/><\/a><\/td>\n<\/tr>\n<tr>\n<td style=\"width: 20%;\"><\/td>\n<td style=\"width: 20%;\"><\/td>\n<td style=\"width: 20%;\"><\/td>\n<td style=\"width: 20%;\"><\/td>\n<\/tr>\n<\/tbody>\n<\/table>\n","protected":false},"excerpt":{"rendered":"<p>&nbsp; Tina a 1O ans, elle retrouve son p\u00e8re en \u00c9gypte pour les vacances. Ce dernier est un arch\u00e9ologue&#8230; Les Odyss\u00e9es se d\u00e9roulant durant la 2nd Guerre mondiale. Les Odyss\u00e9es des grandes figures de l&rsquo;histoire. Les p&rsquo;tits bateaux : des enfants posent leurs questions, des sp\u00e9cialistes leur r\u00e9pondent. Olma A la d\u00e9couverte des sciences. Avec [&hellip;]<\/p>\n","protected":false},"author":1,"featured_media":0,"parent":37,"menu_order":0,"comment_status":"closed","ping_status":"closed","template":"","meta":{"footnotes":""},"class_list":["post-250","page","type-page","status-publish","hentry"],"_links":{"self":[{"href":"https:\/\/epitou.fr\/index.php\/wp-json\/wp\/v2\/pages\/250","targetHints":{"allow":["GET"]}}],"collection":[{"href":"https:\/\/epitou.fr\/index.php\/wp-json\/wp\/v2\/pages"}],"about":[{"href":"https:\/\/epitou.fr\/index.php\/wp-json\/wp\/v2\/types\/page"}],"author":[{"embeddable":true,"href":"https:\/\/epitou.fr\/index.php\/wp-json\/wp\/v2\/users\/1"}],"replies":[{"embeddable":true,"href":"https:\/\/epitou.fr\/index.php\/wp-json\/wp\/v2\/comments?post=250"}],"version-history":[{"count":28,"href":"https:\/\/epitou.fr\/index.php\/wp-json\/wp\/v2\/pages\/250\/revisions"}],"predecessor-version":[{"id":253,"href":"https:\/\/epitou.fr\/index.php\/wp-json\/wp\/v2\/pages\/250\/revisions\/253"}],"up":[{"embeddable":true,"href":"https:\/\/epitou.fr\/index.php\/wp-json\/wp\/v2\/pages\/37"}],"wp:attachment":[{"href":"https:\/\/epitou.fr\/index.php\/wp-json\/wp\/v2\/media?parent=250"}],"curies":[{"name":"wp","href":"https:\/\/api.w.org\/{rel}","templated":true}]}}