{"id":170,"date":"2024-10-11T11:16:20","date_gmt":"2024-10-11T09:16:20","guid":{"rendered":"https:\/\/epitou.fr\/?page_id=170"},"modified":"2025-10-03T11:17:25","modified_gmt":"2025-10-03T09:17:25","slug":"radio","status":"publish","type":"page","link":"https:\/\/epitou.fr\/index.php\/audio\/radio\/","title":{"rendered":"Ecoute : France info Junior"},"content":{"rendered":"<p><strong><span style=\"color: #3366ff; font-size: 18px;\">Ecoute : France info Junior : Toutes les \u00e9missions \u00e9cout\u00e9es en classe.<\/span><\/strong><\/p>\n<table style=\"border-collapse: collapse; width: 100%; height: 843px;\">\n<tbody>\n<tr style=\"height: 627px;\">\n<td style=\"width: 50%; text-align: center; height: 627px;\">\n<h3><span style=\"color: #ff9900;\">Emission r\u00e9alis\u00e9e par les CM2D, avril 2025<\/span><\/h3>\n<p><a href=\"https:\/\/www.franceinfo.fr\/replay-radio\/france-info-junior\/franceinfo-junior-il-y-a-50-ans-la-prise-de-phnom-penh-par-les-khmers-rouges_7167444.html\" target=\"_blank\" rel=\"noopener\"><img loading=\"lazy\" decoding=\"async\" class=\"zoom aligncenter wp-image-904 size-full\" src=\"http:\/\/epitou.fr\/wp-content\/uploads\/2025\/05\/FIJ-1.jpg\" alt=\"\" width=\"353\" height=\"318\" srcset=\"https:\/\/epitou.fr\/wp-content\/uploads\/2025\/05\/FIJ-1.jpg 353w, https:\/\/epitou.fr\/wp-content\/uploads\/2025\/05\/FIJ-1-300x270.jpg 300w\" sizes=\"auto, (max-width: 353px) 100vw, 353px\" \/><video controls=\"controls\" width=\"300\" height=\"150\"><source src=\"https:\/\/media.radiofrance-podcast.net\/podcast09\/10950-17.04.2025-ITEMA_24105937-2025I13915S0107-NET_MFO_42F6ACA3-9FB1-4535-97D6-E128512B4D57-25.m4a\" \/><\/video><\/a><\/td>\n<td style=\"width: 50%; text-align: center; height: 627px;\">\n<h3><span style=\"color: #ff9900;\">Emission r\u00e9alis\u00e9e par les CM2D, avril 2025<\/span><\/h3>\n<p><a href=\"https:\/\/www.franceinfo.fr\/replay-radio\/france-info-junior\/franceinfo-junior-quel-rapport-donald-trump-entretient-il-avec-la-science_7215174.html\" target=\"_blank\" rel=\"noopener\"><img loading=\"lazy\" decoding=\"async\" class=\"zoom aligncenter wp-image-903 size-full\" src=\"http:\/\/epitou.fr\/wp-content\/uploads\/2025\/05\/FIJ-2.jpg\" alt=\"\" width=\"353\" height=\"315\" srcset=\"https:\/\/epitou.fr\/wp-content\/uploads\/2025\/05\/FIJ-2.jpg 353w, https:\/\/epitou.fr\/wp-content\/uploads\/2025\/05\/FIJ-2-300x268.jpg 300w\" sizes=\"auto, (max-width: 353px) 100vw, 353px\" \/><video controls=\"controls\" width=\"300\" height=\"150\"><span data-mce-type=\"bookmark\" style=\"display: inline-block; width: 0px; overflow: hidden; line-height: 0;\" class=\"mce_SELRES_start\">\ufeff<\/span><br \/>\n<span data-mce-type=\"bookmark\" style=\"display: inline-block; width: 0px; overflow: hidden; line-height: 0;\" class=\"mce_SELRES_start\">\ufeff<\/span><span data-mce-type=\"bookmark\" style=\"display: inline-block; width: 0px; overflow: hidden; line-height: 0;\" class=\"mce_SELRES_start\">\ufeff<\/span><source src=\"https:\/\/media.radiofrance-podcast.net\/podcast09\/10950-05.05.2025-ITEMA_24124046-2025I13915S0125-NET_MFO_612E058F-BE23-4F79-9159-DA49834FA5F9-25.m4a\" \/><span data-mce-type=\"bookmark\" style=\"display: inline-block; width: 0px; overflow: hidden; line-height: 0;\" class=\"mce_SELRES_end\">\ufeff<\/span><span data-mce-type=\"bookmark\" style=\"display: inline-block; width: 0px; overflow: hidden; line-height: 0;\" class=\"mce_SELRES_end\">\ufeff<\/span><\/video><\/a><\/td>\n<\/tr>\n<tr style=\"height: 24px;\">\n<td style=\"width: 50%; text-align: center; height: 24px;\">\n<h3><span style=\"color: #33cccc;\">Ecoute du 03\/10\/2025<img loading=\"lazy\" decoding=\"async\" class=\"aligncenter wp-image-1309\" src=\"http:\/\/epitou.fr\/wp-content\/uploads\/2025\/10\/3-La-judokate-Sarah-Leonie-Cysique-donne-ses-conseils-aux-enfants-pour-sepanouir-dans-le-sport.png\" alt=\"\" width=\"479\" height=\"242\" srcset=\"https:\/\/epitou.fr\/wp-content\/uploads\/2025\/10\/3-La-judokate-Sarah-Leonie-Cysique-donne-ses-conseils-aux-enfants-pour-sepanouir-dans-le-sport.png 617w, https:\/\/epitou.fr\/wp-content\/uploads\/2025\/10\/3-La-judokate-Sarah-Leonie-Cysique-donne-ses-conseils-aux-enfants-pour-sepanouir-dans-le-sport-300x152.png 300w\" sizes=\"auto, (max-width: 479px) 100vw, 479px\" \/><\/span><video controls=\"controls\" width=\"300\" height=\"150\"><source src=\"https:\/\/media.radiofrance-podcast.net\/podcast09\/10950-14.09.2025-ITEMA_24246130-2025I13915S0257-NET_MFO_2BEDCCD5-5ABF-4045-9B2F-0AC176FDA78E-25.m4a\" \/><\/video><\/h3>\n<\/td>\n<td style=\"width: 50%; text-align: center; height: 24px;\">\n<h3><\/h3>\n<\/td>\n<\/tr>\n<tr>\n<td style=\"width: 50%; text-align: center;\">\n<h3><span style=\"color: #33cccc;\">Ecoute du 26\/09\/2025<\/span><\/h3>\n<p><a href=\"https:\/\/www.franceinfo.fr\/replay-radio\/france-info-junior\/comment-parler-des-ecrans-en-famille_7478083.html\" target=\"_blank\" rel=\"noopener\"><img loading=\"lazy\" decoding=\"async\" class=\"zoom aligncenter wp-image-1270\" src=\"http:\/\/epitou.fr\/wp-content\/uploads\/2025\/09\/Comment-parler-des-ecrans-en-famille.png\" alt=\"\" width=\"487\" height=\"203\" srcset=\"https:\/\/epitou.fr\/wp-content\/uploads\/2025\/09\/Comment-parler-des-ecrans-en-famille.png 708w, https:\/\/epitou.fr\/wp-content\/uploads\/2025\/09\/Comment-parler-des-ecrans-en-famille-300x125.png 300w\" sizes=\"auto, (max-width: 487px) 100vw, 487px\" \/><video controls=\"controls\" width=\"300\" height=\"150\" data-mce-fragment=\"1\"><source src=\"https:\/\/media.radiofrance-podcast.net\/podcast09\/10950-21.09.2025-ITEMA_24253922-2025I13915S0264-NET_MFO_2C97D486-904A-4506-BB74-E3A683F19C56-25.m4a\" \/><\/video><\/a><\/p>\n<h3><span style=\"color: #33cccc;\">\u00a0<\/span><\/h3>\n<\/td>\n<td style=\"width: 50%; text-align: center;\">\n<h3><span style=\"color: #33cccc;\">Ecoute du 26\/09\/2025<\/span><\/h3>\n<p><img loading=\"lazy\" decoding=\"async\" class=\"aligncenter size-full wp-image-1311\" src=\"http:\/\/epitou.fr\/wp-content\/uploads\/2025\/10\/2-La-danseuse-etoile-Leonore-Baulac.png\" alt=\"\" width=\"487\" height=\"232\" srcset=\"https:\/\/epitou.fr\/wp-content\/uploads\/2025\/10\/2-La-danseuse-etoile-Leonore-Baulac.png 487w, https:\/\/epitou.fr\/wp-content\/uploads\/2025\/10\/2-La-danseuse-etoile-Leonore-Baulac-300x143.png 300w\" sizes=\"auto, (max-width: 487px) 100vw, 487px\" \/><video controls=\"controls\" width=\"300\" height=\"150\"><source src=\"https:\/\/media.radiofrance-podcast.net\/podcast09\/10950-28.09.2025-ITEMA_24261365-2025I13915S0271-NET_MFO_07A916DA-15C9-4F29-B700-FED0E8E60CEC-25.m4a\" \/><\/video><\/p>\n<h3><span style=\"color: #33cccc;\">\u00a0<\/span><\/h3>\n<\/td>\n<\/tr>\n<\/tbody>\n<\/table>\n<p>&nbsp;<\/p>\n","protected":false},"excerpt":{"rendered":"<p>Ecoute : France info Junior : Toutes les \u00e9missions \u00e9cout\u00e9es en classe. Emission r\u00e9alis\u00e9e par les CM2D, avril 2025 Emission r\u00e9alis\u00e9e par les CM2D, avril 2025 \ufeff \ufeff\ufeff\ufeff\ufeff Ecoute du 03\/10\/2025 Ecoute du 26\/09\/2025 \u00a0 Ecoute du 26\/09\/2025 \u00a0 &nbsp;<\/p>\n","protected":false},"author":1,"featured_media":0,"parent":37,"menu_order":0,"comment_status":"closed","ping_status":"closed","template":"","meta":{"footnotes":""},"class_list":["post-170","page","type-page","status-publish","hentry"],"_links":{"self":[{"href":"https:\/\/epitou.fr\/index.php\/wp-json\/wp\/v2\/pages\/170","targetHints":{"allow":["GET"]}}],"collection":[{"href":"https:\/\/epitou.fr\/index.php\/wp-json\/wp\/v2\/pages"}],"about":[{"href":"https:\/\/epitou.fr\/index.php\/wp-json\/wp\/v2\/types\/page"}],"author":[{"embeddable":true,"href":"https:\/\/epitou.fr\/index.php\/wp-json\/wp\/v2\/users\/1"}],"replies":[{"embeddable":true,"href":"https:\/\/epitou.fr\/index.php\/wp-json\/wp\/v2\/comments?post=170"}],"version-history":[{"count":37,"href":"https:\/\/epitou.fr\/index.php\/wp-json\/wp\/v2\/pages\/170\/revisions"}],"predecessor-version":[{"id":173,"href":"https:\/\/epitou.fr\/index.php\/wp-json\/wp\/v2\/pages\/170\/revisions\/173"}],"up":[{"embeddable":true,"href":"https:\/\/epitou.fr\/index.php\/wp-json\/wp\/v2\/pages\/37"}],"wp:attachment":[{"href":"https:\/\/epitou.fr\/index.php\/wp-json\/wp\/v2\/media?parent=170"}],"curies":[{"name":"wp","href":"https:\/\/api.w.org\/{rel}","templated":true}]}}