{"id":1639,"date":"2026-02-05T03:17:19","date_gmt":"2026-02-05T02:17:19","guid":{"rendered":"https:\/\/epitou.fr\/?page_id=1639"},"modified":"2026-03-03T07:22:16","modified_gmt":"2026-03-03T06:22:16","slug":"personnages-historiques-exposes","status":"publish","type":"page","link":"https:\/\/epitou.fr\/index.php\/histoire\/personnages-historiques-exposes\/","title":{"rendered":"Personnages historiques &#8211; expos\u00e9s"},"content":{"rendered":"<h3 data-path-to-node=\"2\">Th\u00e8me 1 : Le temps de la R\u00e9publique<\/h3>\n<ul data-path-to-node=\"4\">\n<li>\n<p data-path-to-node=\"4,0,0\"><b data-path-to-node=\"4,0,0\" data-index-in-node=\"0\">Victor Sch\u0153lcher<\/b> : Pour son r\u00f4le crucial dans l&rsquo;abolition d\u00e9finitive de l&rsquo;esclavage en 1848. &#8211; <span style=\"color: #ff0000;\">Ang\u00e8le &#8211; Timoth\u00e9e<\/span><\/p>\n<\/li>\n<li>\n<p data-path-to-node=\"4,1,0\"><b data-path-to-node=\"4,1,0\" data-index-in-node=\"0\">Louise Michel<\/b> : Figure de la Commune de Paris, elle permet de parler des luttes sociales et de la condition des femmes. &#8211; <span style=\"color: #ff0000;\">M\u00e9lanie et Tom<\/span><\/p>\n<\/li>\n<li>\n<p data-path-to-node=\"4,2,0\"><b data-path-to-node=\"4,2,0\" data-index-in-node=\"0\">Jules Ferry<\/b> : Incontournable pour l&rsquo;\u00e9cole gratuite, la\u00efque et obligatoire. &#8211; <span style=\"color: #ff0000;\">V\u00e9ronica<\/span><\/p>\n<\/li>\n<li>\n<p data-path-to-node=\"4,3,0\"><b data-path-to-node=\"4,3,0\" data-index-in-node=\"0\">L\u00e9on Gambetta<\/b> : L&rsquo;un des p\u00e8res fondateurs de la IIIe R\u00e9publique.<\/p>\n<\/li>\n<li>\n<p data-path-to-node=\"4,4,0\"><b data-path-to-node=\"4,4,0\" data-index-in-node=\"0\">Georges Clemenceau<\/b> : Surnomm\u00e9 \u00ab\u00a0le P\u00e8re la Victoire\u00a0\u00bb, il fait le lien entre la R\u00e9publique et la Grande Guerre.<\/p>\n<\/li>\n<\/ul>\n<h3 data-path-to-node=\"5\">Th\u00e8me 2 : L&rsquo;\u00e2ge industriel en France<\/h3>\n<ul data-path-to-node=\"7\">\n<li>\n<p data-path-to-node=\"7,0,0\"><b data-path-to-node=\"7,0,0\" data-index-in-node=\"0\">Louis Pasteur<\/b> : Pour la d\u00e9couverte des microbes et l&rsquo;invention du vaccin contre la rage.-<span style=\"color: #ff0000;\">Dalika-KimSuor<\/span><\/p>\n<\/li>\n<li>\n<p data-path-to-node=\"7,1,0\"><b data-path-to-node=\"7,1,0\" data-index-in-node=\"0\">Marie Curie<\/b> : Pour ses recherches sur la radioactivit\u00e9 (premi\u00e8re femme \u00e0 recevoir le prix Nobel). <span style=\"color: #ff0000;\">Reaksa- Annalise<\/span><\/p>\n<\/li>\n<li>\n<p data-path-to-node=\"7,2,0\"><b data-path-to-node=\"7,2,0\" data-index-in-node=\"0\">Gustave Eiffel<\/b> : Pour l&rsquo;architecture m\u00e9tallique et la Tour Eiffel, symboles du progr\u00e8s technique. &#8211;<span style=\"color: #ff0000;\"> L\u00e9on-Rithysen<\/span><\/p>\n<\/li>\n<li>\n<p data-path-to-node=\"7,3,0\"><b data-path-to-node=\"7,3,0\" data-index-in-node=\"0\">Les Fr\u00e8res Lumi\u00e8re<\/b> : Pour l&rsquo;invention du cin\u00e9ma. &#8211; <span style=\"color: #ff0000;\">Somalya &#8211; Sengly<\/span><\/p>\n<\/li>\n<li>\n<p data-path-to-node=\"7,4,0\"><strong>La machine \u00e0 vapeur :\u00a0 <\/strong><span style=\"color: #ff0000;\">Ousah &#8211; Jayson<\/span><\/p>\n<\/li>\n<\/ul>\n<h3 data-path-to-node=\"8\">Th\u00e8me 3 : La France, des guerres mondiales \u00e0 l\u2019Union europ\u00e9enne<\/h3>\n<ul>\n<li><b data-path-to-node=\"7,4,0\" data-index-in-node=\"0\">\u0110\u1ed7 H\u1eefu V\u1ecb<\/b> : Pionnier de l\u2019aviation (franco-vietnamien), mort pour la France en 1916. Son parcours illustre l&rsquo;histoire de l&#8217;empire colonial et l&rsquo;engagement des troupes coloniales. &#8211; <span style=\"color: #ff0000;\">Panharith<\/span><\/li>\n<\/ul>\n<ul data-path-to-node=\"9\">\n<li>\n<p data-path-to-node=\"9,0,0\"><b data-path-to-node=\"9,0,0\" data-index-in-node=\"0\">Jean Moulin<\/b> : Figure embl\u00e9matique de la R\u00e9sistance pendant la Seconde Guerre mondiale. <span style=\"color: #ff0000;\">&#8211; Noreaksak<\/span><\/p>\n<\/li>\n<li>\n<p data-path-to-node=\"9,1,0\"><b data-path-to-node=\"9,1,0\" data-index-in-node=\"0\">Charles de Gaulle<\/b> : Pour l&rsquo;appel du 18 juin et son r\u00f4le dans la construction de la Ve R\u00e9publique. &#8211; <span style=\"color: #ff0000;\">Bandith &#8211; Panha &#8211; Bunsak<\/span><\/p>\n<\/li>\n<li>\n<p data-path-to-node=\"9,2,0\"><b data-path-to-node=\"9,2,0\" data-index-in-node=\"0\">\u00a0&#8211; Lucie Aubrac<\/b> : Grande figure de la R\u00e9sistance, pour aborder le r\u00f4le des femmes dans la guerre. &#8211; <span style=\"color: #ff0000;\">Thavylis &#8211; Hana<\/span><\/p>\n<\/li>\n<li>\n<p data-path-to-node=\"9,3,0\"><b data-path-to-node=\"9,3,0\" data-index-in-node=\"0\">Simone Veil<\/b> : Pour son destin li\u00e9 \u00e0 la Shoah, son r\u00f4le politique en France et son engagement pour l&rsquo;Europe.<\/p>\n<\/li>\n<li>\n<p data-path-to-node=\"9,4,0\"><b data-path-to-node=\"9,4,0\" data-index-in-node=\"0\">Robert Schuman<\/b> : Pour son r\u00f4le de \u00ab\u00a0p\u00e8re de l&rsquo;Europe\u00a0\u00bb.<\/p>\n<\/li>\n<li><strong>Jean Zay :\u00a0<\/strong>ministre de l&rsquo;Education Nationale et r\u00e9sistant.<\/li>\n<\/ul>\n","protected":false},"excerpt":{"rendered":"<p>Th\u00e8me 1 : Le temps de la R\u00e9publique Victor Sch\u0153lcher : Pour son r\u00f4le crucial dans l&rsquo;abolition d\u00e9finitive de l&rsquo;esclavage en 1848. &#8211; Ang\u00e8le &#8211; Timoth\u00e9e Louise Michel : Figure de la Commune de Paris, elle permet de parler des luttes sociales et de la condition des femmes. &#8211; M\u00e9lanie et Tom Jules Ferry : [&hellip;]<\/p>\n","protected":false},"author":1,"featured_media":0,"parent":316,"menu_order":0,"comment_status":"closed","ping_status":"closed","template":"","meta":{"footnotes":""},"class_list":["post-1639","page","type-page","status-publish","hentry"],"_links":{"self":[{"href":"https:\/\/epitou.fr\/index.php\/wp-json\/wp\/v2\/pages\/1639","targetHints":{"allow":["GET"]}}],"collection":[{"href":"https:\/\/epitou.fr\/index.php\/wp-json\/wp\/v2\/pages"}],"about":[{"href":"https:\/\/epitou.fr\/index.php\/wp-json\/wp\/v2\/types\/page"}],"author":[{"embeddable":true,"href":"https:\/\/epitou.fr\/index.php\/wp-json\/wp\/v2\/users\/1"}],"replies":[{"embeddable":true,"href":"https:\/\/epitou.fr\/index.php\/wp-json\/wp\/v2\/comments?post=1639"}],"version-history":[{"count":12,"href":"https:\/\/epitou.fr\/index.php\/wp-json\/wp\/v2\/pages\/1639\/revisions"}],"predecessor-version":[{"id":1736,"href":"https:\/\/epitou.fr\/index.php\/wp-json\/wp\/v2\/pages\/1639\/revisions\/1736"}],"up":[{"embeddable":true,"href":"https:\/\/epitou.fr\/index.php\/wp-json\/wp\/v2\/pages\/316"}],"wp:attachment":[{"href":"https:\/\/epitou.fr\/index.php\/wp-json\/wp\/v2\/media?parent=1639"}],"curies":[{"name":"wp","href":"https:\/\/api.w.org\/{rel}","templated":true}]}}